{"id":4876,"date":"2023-04-04T09:26:34","date_gmt":"2023-04-04T08:26:34","guid":{"rendered":"https:\/\/soundtrance.ushopic.link\/?post_type=product&#038;p=4876"},"modified":"2023-06-23T15:32:21","modified_gmt":"2023-06-23T14:32:21","slug":"monocordio-val-bavona","status":"publish","type":"product","link":"https:\/\/soundtrance.ushopic.link\/de\/produkt\/monocordio-val-bavona\/","title":{"rendered":"Mon\u00f3cordio Val Bavona"},"content":{"rendered":"<p>Mon\u00f3cordio Val Bavona. Cuerpo de lujo y monocordio de calidad de concierto<\/p>\n<p>37 cuerdas, instrumento de calidad de concierto. Sonido c\u00e1lido y fino.<\/p>\n<p>Madera de fresno perfectamente sazonada y cortada, las mejores cubiertas arm\u00f3nicas de abeto alpino, extremos superiores de yatoba, puente ipe.<br \/>\nValbavona es ligeramente m\u00e1s peque\u00f1o que Lumnezia.<br \/>\nAgujero superior de la flor de la vida para el mejor sonido y dise\u00f1o.<br \/>\nTepezcouite\/mimosa Capa hostil, aceite y cera.<br \/>\nC\u00e1scara natural carece de 4 capas.<br \/>\nUn conjunto de cuerdas adicionales incluidas.<\/p>\n<p>Las perlas de ajuste fino y los tornillos de precisi\u00f3n est\u00e1n perfectamente posicionados para permitir un ajuste fino.<\/p>\n<p>Orificio lateral personalizado (agujero f, rondas, coraz\u00f3n) por favor d\u00edgame su elecci\u00f3n, de lo contrario har\u00e9 3 agujeros redondos.<\/p>\n<p>Sonido de demostraci\u00f3n de video:<\/p>\n<div class=\"ast-oembed-container\" style=\"height: 100%;\"><iframe title=\"Joel Oliv\u00e9 Lumnezia Monochord\" width=\"500\" height=\"281\" src=\"https:\/\/www.youtube.com\/embed\/z9R2arbze68?feature=oembed\" frameborder=\"0\" allow=\"accelerometer; autoplay; clipboard-write; encrypted-media; gyroscope; picture-in-picture; web-share\" referrerpolicy=\"strict-origin-when-cross-origin\" allowfullscreen><\/iframe><\/div>\n<div class=\"ast-oembed-container\" style=\"height: 100%;\"><iframe title=\"Monochord by Joel Oliv\u00e9 - soundtrance.com\" width=\"500\" height=\"281\" src=\"https:\/\/www.youtube.com\/embed\/YYK6ki8iURM?feature=oembed\" frameborder=\"0\" allow=\"accelerometer; autoplay; clipboard-write; encrypted-media; gyroscope; picture-in-picture; web-share\" referrerpolicy=\"strict-origin-when-cross-origin\" allowfullscreen><\/iframe><\/div>\n<p>Afinando un monocordio<\/p>\n<div class=\"ast-oembed-container\" style=\"height: 100%;\"><iframe title=\"Tuning a Monochord from Etsy\/Soundtrance\" width=\"500\" height=\"281\" src=\"https:\/\/www.youtube.com\/embed\/FZkShT3-D0Q?feature=oembed\" frameborder=\"0\" allow=\"accelerometer; autoplay; clipboard-write; encrypted-media; gyroscope; picture-in-picture; web-share\" referrerpolicy=\"strict-origin-when-cross-origin\" allowfullscreen><\/iframe><\/div>\n<p>Acerca de este tipo de monocordio<\/p>\n<p>Este tipo de monocord\u00f3n est\u00e1 dise\u00f1ado para crear una \u00abalfombra de sonido\u00bb o \u00abbordon\u00bb arm\u00f3nico; Tiene un sonido rico y armonioso, con muchas voces silbantes que se pueden crear tocando sus cuerdas en diferentes lugares.<\/p>\n<p>Su forma est\u00e1 dise\u00f1ada para crear una fuerte vibraci\u00f3n en la parte inferior y para adaptarse perfectamente al cuerpo humano, para poder hacer masaje sonoro, aplicado directamente al cuerpo. Las maderas seleccionadas y el m\u00e9todo de construcci\u00f3n totalmente artesanal, es ideal por su peso y volumen, poder adaptarse bien al cuerpo y transmitir su riqueza de arm\u00f3nicos en su sonido, ofreciendo un amplio espectro de resonancias para el o\u00eddo y tambi\u00e9n para el cuerpo humano.<\/p>\n<p>www.soundtrance.com<\/p>\n<p>https:\/\/enteoanima.bandcamp.com\/<\/p>","protected":false},"excerpt":{"rendered":"<p class=\"wt-text-body-01 wt-line-height-tight wt-break-word wt-mt-xs-1\" data-buy-box-listing-title=\"true\">Mon\u00f3cordio Val Bavona. Monocordio de calidad de cuerpo de lujo y concierto (+ 1 conjunto de cuerdas extra)<\/p>","protected":false},"featured_media":4877,"comment_status":"open","ping_status":"closed","template":"","meta":{"_acf_changed":false,"site-sidebar-layout":"default","site-content-layout":"","ast-site-content-layout":"","site-content-style":"default","site-sidebar-style":"default","ast-global-header-display":"","ast-banner-title-visibility":"","ast-main-header-display":"","ast-hfb-above-header-display":"","ast-hfb-below-header-display":"","ast-hfb-mobile-header-display":"","site-post-title":"","ast-breadcrumbs-content":"","ast-featured-img":"","footer-sml-layout":"","theme-transparent-header-meta":"","adv-header-id-meta":"","stick-header-meta":"","header-above-stick-meta":"","header-main-stick-meta":"","header-below-stick-meta":"","astra-migrate-meta-layouts":"default","ast-page-background-enabled":"default","ast-page-background-meta":{"desktop":{"background-color":"var(--ast-global-color-4)","background-image":"","background-repeat":"repeat","background-position":"center center","background-size":"auto","background-attachment":"scroll","background-type":"","background-media":"","overlay-type":"","overlay-color":"","overlay-opacity":"","overlay-gradient":""},"tablet":{"background-color":"","background-image":"","background-repeat":"repeat","background-position":"center center","background-size":"auto","background-attachment":"scroll","background-type":"","background-media":"","overlay-type":"","overlay-color":"","overlay-opacity":"","overlay-gradient":""},"mobile":{"background-color":"","background-image":"","background-repeat":"repeat","background-position":"center center","background-size":"auto","background-attachment":"scroll","background-type":"","background-media":"","overlay-type":"","overlay-color":"","overlay-opacity":"","overlay-gradient":""}},"ast-content-background-meta":{"desktop":{"background-color":"var(--ast-global-color-5)","background-image":"","background-repeat":"repeat","background-position":"center center","background-size":"auto","background-attachment":"scroll","background-type":"","background-media":"","overlay-type":"","overlay-color":"","overlay-opacity":"","overlay-gradient":""},"tablet":{"background-color":"var(--ast-global-color-5)","background-image":"","background-repeat":"repeat","background-position":"center center","background-size":"auto","background-attachment":"scroll","background-type":"","background-media":"","overlay-type":"","overlay-color":"","overlay-opacity":"","overlay-gradient":""},"mobile":{"background-color":"var(--ast-global-color-5)","background-image":"","background-repeat":"repeat","background-position":"center center","background-size":"auto","background-attachment":"scroll","background-type":"","background-media":"","overlay-type":"","overlay-color":"","overlay-opacity":"","overlay-gradient":""}}},"product_brand":[],"product_cat":[50],"product_tag":[],"class_list":{"0":"post-4876","1":"product","2":"type-product","3":"status-publish","4":"has-post-thumbnail","6":"product_cat-monocordio","7":"desktop-align-left","8":"tablet-align-left","9":"mobile-align-left","11":"first","12":"instock","13":"shipping-taxable","14":"purchasable","15":"product-type-variable"},"acf":[],"_links":{"self":[{"href":"https:\/\/soundtrance.ushopic.link\/de\/wp-json\/wp\/v2\/product\/4876","targetHints":{"allow":["GET"]}}],"collection":[{"href":"https:\/\/soundtrance.ushopic.link\/de\/wp-json\/wp\/v2\/product"}],"about":[{"href":"https:\/\/soundtrance.ushopic.link\/de\/wp-json\/wp\/v2\/types\/product"}],"replies":[{"embeddable":true,"href":"https:\/\/soundtrance.ushopic.link\/de\/wp-json\/wp\/v2\/comments?post=4876"}],"wp:featuredmedia":[{"embeddable":true,"href":"https:\/\/soundtrance.ushopic.link\/de\/wp-json\/wp\/v2\/media\/4877"}],"wp:attachment":[{"href":"https:\/\/soundtrance.ushopic.link\/de\/wp-json\/wp\/v2\/media?parent=4876"}],"wp:term":[{"taxonomy":"product_brand","embeddable":true,"href":"https:\/\/soundtrance.ushopic.link\/de\/wp-json\/wp\/v2\/product_brand?post=4876"},{"taxonomy":"product_cat","embeddable":true,"href":"https:\/\/soundtrance.ushopic.link\/de\/wp-json\/wp\/v2\/product_cat?post=4876"},{"taxonomy":"product_tag","embeddable":true,"href":"https:\/\/soundtrance.ushopic.link\/de\/wp-json\/wp\/v2\/product_tag?post=4876"}],"curies":[{"name":"wp","href":"https:\/\/api.w.org\/{rel}","templated":true}]}}