{"id":4956,"date":"2023-04-20T09:45:43","date_gmt":"2023-04-20T08:45:43","guid":{"rendered":"https:\/\/soundtrance.ushopic.link\/?post_type=product&#038;p=4956"},"modified":"2023-06-23T15:31:56","modified_gmt":"2023-06-23T14:31:56","slug":"orificio-lateral-monocorde-lumnezia","status":"publish","type":"product","link":"https:\/\/soundtrance.ushopic.link\/de\/produkt\/orificio-lateral-monocorde-lumnezia\/","title":{"rendered":"Orificio lateral Monocorde Lumnezia"},"content":{"rendered":"<p>Monocordio con calidad de concierto de Lumnezia.<\/p>\n<p>35 cuerdas, el mejor instrumento de calidad de concierto. Sonido c\u00e1lido y claro.<br \/>\nArce para el cuerpo, las mejores cubiertas arm\u00f3nicas de abeto alpino, yatoba\/bubinga\/arce para los extremos superiores.<br \/>\nAgujeros laterales (o agujero f)<br \/>\nCapa de extracto de plantas vegetales, aceite y cera.<br \/>\nFaltan 5 capas de concha natural.<br \/>\nEl hueso natural de ajuste fino (o sint\u00e9tico) y los tornillos de precisi\u00f3n est\u00e1n perfectamente posicionados para permitir un ajuste fino.<\/p>\n<p>Sobre este tipo de Monocordio<\/p>\n<p>Este tipo de monocord\u00f3n est\u00e1 dise\u00f1ado para crear un zumbido c\u00e1lido, con muchos matices, manteniendo un bajo agradable. Lumnezia es el monocordio de mayor tama\u00f1o de mi cuerpo. Tiene un sonido rico y armonioso, con muchas voces silbantes que se pueden crear tocando sus cuerdas en diferentes lugares.<br \/>\nLas diferencias entre Valbavona y \u00e9ste son:<br \/>\nTama\u00f1o m\u00e1s grande para m\u00e1s sonido de graves, manteniendo los sobretonos.<br \/>\nDetalles de madera con incrustaciones como decoraci\u00f3n.<br \/>\nMenos juntas en la estructura que significan piezas macizas talladas.<\/p>\n<p>Su forma est\u00e1 dise\u00f1ada para crear una fuerte vibraci\u00f3n en la parte inferior y adaptarse perfectamente al cuerpo humano, para poder realizar masajes sonoros aplicados directamente sobre el cuerpo. Las maderas seleccionadas y el m\u00e9todo de construcci\u00f3n bien hecho a mano, es ideal: resonancia, bajo, peso y volumen, ser capaz de adaptarse bien al cuerpo y transmitir su riqueza arm\u00f3nica y vibraci\u00f3n, ofreciendo un amplio espectro de resonancias para el o\u00eddo y tambi\u00e9n el cuerpo humano.<\/p>\n<p>Tutor\u00eda de afinaci\u00f3n:<\/p>\n<div class=\"ast-oembed-container\" style=\"height: 100%;\"><iframe title=\"tuning 35 string Joel Olive monochord\" width=\"500\" height=\"375\" src=\"https:\/\/www.youtube.com\/embed\/dSrFdDzkVY4?feature=oembed\" frameborder=\"0\" allow=\"accelerometer; autoplay; clipboard-write; encrypted-media; gyroscope; picture-in-picture; web-share\" referrerpolicy=\"strict-origin-when-cross-origin\" allowfullscreen><\/iframe><\/div>\n<p>V\u00eddeo de demostraci\u00f3n de sonido:<\/p>\n<div class=\"ast-oembed-container\" style=\"height: 100%;\"><iframe title=\"Joel Olive Lumnezia monochord 35 string\" width=\"500\" height=\"375\" src=\"https:\/\/www.youtube.com\/embed\/sO45H84ioLE?feature=oembed\" frameborder=\"0\" allow=\"accelerometer; autoplay; clipboard-write; encrypted-media; gyroscope; picture-in-picture; web-share\" referrerpolicy=\"strict-origin-when-cross-origin\" allowfullscreen><\/iframe><\/div>\n<p>&amp;<\/p>\n<div class=\"ast-oembed-container\" style=\"height: 100%;\"><iframe title=\"Lumnezia monochord by Joel Oliv\u00e9\" width=\"500\" height=\"281\" src=\"https:\/\/www.youtube.com\/embed\/YA3lY1woE7A?feature=oembed\" frameborder=\"0\" allow=\"accelerometer; autoplay; clipboard-write; encrypted-media; gyroscope; picture-in-picture; web-share\" referrerpolicy=\"strict-origin-when-cross-origin\" allowfullscreen><\/iframe><\/div>\n<div class=\"ast-oembed-container\" style=\"height: 100%;\"><iframe title=\"Joel Oliv\u00e9 Lumnezia Monochord\" width=\"500\" height=\"281\" src=\"https:\/\/www.youtube.com\/embed\/z9R2arbze68?feature=oembed\" frameborder=\"0\" allow=\"accelerometer; autoplay; clipboard-write; encrypted-media; gyroscope; picture-in-picture; web-share\" referrerpolicy=\"strict-origin-when-cross-origin\" allowfullscreen><\/iframe><\/div>\n<div class=\"ast-oembed-container\" style=\"height: 100%;\"><iframe title=\"Monochord by Joel Oliv\u00e9 - soundtrance.com\" width=\"500\" height=\"281\" src=\"https:\/\/www.youtube.com\/embed\/YYK6ki8iURM?feature=oembed\" frameborder=\"0\" allow=\"accelerometer; autoplay; clipboard-write; encrypted-media; gyroscope; picture-in-picture; web-share\" referrerpolicy=\"strict-origin-when-cross-origin\" allowfullscreen><\/iframe><\/div>\n<p>_________<\/p>\n<p>www.soundtrance.com<\/p>\n<p>https:\/\/enteoanima.bandcamp.com\/<\/p>","protected":false},"excerpt":{"rendered":"<p>Monocordio con calidad de concierto de Lumnezia. 35 cuerdas, el mejor instrumento de calidad de concierto. Sonido c\u00e1lido y claro. [&hellip;]<\/p>","protected":false},"featured_media":4959,"comment_status":"open","ping_status":"closed","template":"","meta":{"_acf_changed":false,"site-sidebar-layout":"default","site-content-layout":"","ast-site-content-layout":"","site-content-style":"default","site-sidebar-style":"default","ast-global-header-display":"","ast-banner-title-visibility":"","ast-main-header-display":"","ast-hfb-above-header-display":"","ast-hfb-below-header-display":"","ast-hfb-mobile-header-display":"","site-post-title":"","ast-breadcrumbs-content":"","ast-featured-img":"","footer-sml-layout":"","theme-transparent-header-meta":"","adv-header-id-meta":"","stick-header-meta":"","header-above-stick-meta":"","header-main-stick-meta":"","header-below-stick-meta":"","astra-migrate-meta-layouts":"default","ast-page-background-enabled":"default","ast-page-background-meta":{"desktop":{"background-color":"var(--ast-global-color-4)","background-image":"","background-repeat":"repeat","background-position":"center center","background-size":"auto","background-attachment":"scroll","background-type":"","background-media":"","overlay-type":"","overlay-color":"","overlay-opacity":"","overlay-gradient":""},"tablet":{"background-color":"","background-image":"","background-repeat":"repeat","background-position":"center center","background-size":"auto","background-attachment":"scroll","background-type":"","background-media":"","overlay-type":"","overlay-color":"","overlay-opacity":"","overlay-gradient":""},"mobile":{"background-color":"","background-image":"","background-repeat":"repeat","background-position":"center center","background-size":"auto","background-attachment":"scroll","background-type":"","background-media":"","overlay-type":"","overlay-color":"","overlay-opacity":"","overlay-gradient":""}},"ast-content-background-meta":{"desktop":{"background-color":"var(--ast-global-color-5)","background-image":"","background-repeat":"repeat","background-position":"center center","background-size":"auto","background-attachment":"scroll","background-type":"","background-media":"","overlay-type":"","overlay-color":"","overlay-opacity":"","overlay-gradient":""},"tablet":{"background-color":"var(--ast-global-color-5)","background-image":"","background-repeat":"repeat","background-position":"center center","background-size":"auto","background-attachment":"scroll","background-type":"","background-media":"","overlay-type":"","overlay-color":"","overlay-opacity":"","overlay-gradient":""},"mobile":{"background-color":"var(--ast-global-color-5)","background-image":"","background-repeat":"repeat","background-position":"center center","background-size":"auto","background-attachment":"scroll","background-type":"","background-media":"","overlay-type":"","overlay-color":"","overlay-opacity":"","overlay-gradient":""}}},"product_brand":[],"product_cat":[50],"product_tag":[],"class_list":{"0":"post-4956","1":"product","2":"type-product","3":"status-publish","4":"has-post-thumbnail","6":"product_cat-monocordio","7":"desktop-align-left","8":"tablet-align-left","9":"mobile-align-left","11":"first","12":"instock","13":"shipping-taxable","14":"purchasable","15":"product-type-variable"},"acf":[],"_links":{"self":[{"href":"https:\/\/soundtrance.ushopic.link\/de\/wp-json\/wp\/v2\/product\/4956","targetHints":{"allow":["GET"]}}],"collection":[{"href":"https:\/\/soundtrance.ushopic.link\/de\/wp-json\/wp\/v2\/product"}],"about":[{"href":"https:\/\/soundtrance.ushopic.link\/de\/wp-json\/wp\/v2\/types\/product"}],"replies":[{"embeddable":true,"href":"https:\/\/soundtrance.ushopic.link\/de\/wp-json\/wp\/v2\/comments?post=4956"}],"wp:featuredmedia":[{"embeddable":true,"href":"https:\/\/soundtrance.ushopic.link\/de\/wp-json\/wp\/v2\/media\/4959"}],"wp:attachment":[{"href":"https:\/\/soundtrance.ushopic.link\/de\/wp-json\/wp\/v2\/media?parent=4956"}],"wp:term":[{"taxonomy":"product_brand","embeddable":true,"href":"https:\/\/soundtrance.ushopic.link\/de\/wp-json\/wp\/v2\/product_brand?post=4956"},{"taxonomy":"product_cat","embeddable":true,"href":"https:\/\/soundtrance.ushopic.link\/de\/wp-json\/wp\/v2\/product_cat?post=4956"},{"taxonomy":"product_tag","embeddable":true,"href":"https:\/\/soundtrance.ushopic.link\/de\/wp-json\/wp\/v2\/product_tag?post=4956"}],"curies":[{"name":"wp","href":"https:\/\/api.w.org\/{rel}","templated":true}]}}