{"id":5076,"date":"2023-04-20T11:25:45","date_gmt":"2023-04-20T10:25:45","guid":{"rendered":"https:\/\/soundtrance.ushopic.link\/?post_type=product&#038;p=5076"},"modified":"2025-02-06T10:46:21","modified_gmt":"2025-02-06T09:46:21","slug":"monocordio-val-bavona-cuerpo-de-lujo-y-monocordio-de-calidad-de-concierto-2","status":"publish","type":"product","link":"https:\/\/soundtrance.ushopic.link\/de\/produkt\/monocordio-val-bavona-cuerpo-de-lujo-y-monocordio-de-calidad-de-concierto-2\/","title":{"rendered":"Val Bavona Monochord"},"content":{"rendered":"<p><img decoding=\"async\" class=\"wt-max-width-full wt-horizontal-center wt-vertical-center carousel-image wt-rounded\" src=\"https:\/\/i.etsystatic.com\/22895589\/r\/il\/dc7526\/2580682079\/il_794xN.2580682079_78y5.jpg\" srcset=\"https:\/\/i.etsystatic.com\/22895589\/r\/il\/dc7526\/2580682079\/il_794xN.2580682079_78y5.jpg 1x, https:\/\/i.etsystatic.com\/22895589\/r\/il\/dc7526\/2580682079\/il_1588xN.2580682079_78y5.jpg 2x\" alt=\"Monocordio de Val Bavona imagen 8\" data-perf-group=\"secondary-product-image\" data-original-image-width=\"3000\" data-src-zoom-image=\"https:\/\/i.etsystatic.com\/22895589\/r\/il\/dc7526\/2580682079\/il_fullxfull.2580682079_78y5.jpg\" data-index=\"8\" \/><\/p>\n<p><strong>Monocord Val Bavona<\/strong><\/p>\n<p>The <strong>Monocord Val Bavona<\/strong> is both symbolically and aesthetically inspired by the majestic <strong>Val Bavona<\/strong>, a valley in Switzerland&#8217;s Ticino region. This luxury instrument is a unique, high-quality piece, specially designed for discerning musicians.<\/p>\n<ul>\n<li><strong>37 strings<\/strong>: A concert-quality instrument offering a <strong>warm and refined sound<\/strong>.<\/li>\n<li><strong>Premium materials<\/strong>:\n<ul>\n<li><strong>Ash wood<\/strong> perfectly seasoned and cut.<\/li>\n<li><strong>Alpine spruce soundboard<\/strong>.<\/li>\n<li><strong>Yatoba upper ends<\/strong> and <strong>ipe bridge<\/strong>.<\/li>\n<\/ul>\n<\/li>\n<li><strong>Size<\/strong>: The <strong>Val Bavona<\/strong> model is slightly smaller and lighter than the <strong>Lumnezia<\/strong> model, without compromising sound quality.<\/li>\n<li><strong>Top hole design<\/strong>: The <strong>flower of life-shaped hole<\/strong> not only offers sublime aesthetics but also optimizes resonance for a purer sound.<\/li>\n<li><strong>Natural finish<\/strong>: The monocord is treated with a <strong>homemade plant extract, oil, and wax<\/strong> for a smooth and durable finish.<\/li>\n<li><strong>Precise adjustment<\/strong>: The <strong>fine-tuning pearls<\/strong> and <strong>precision screws<\/strong> are perfectly positioned to allow for impeccable string adjustment.<\/li>\n<\/ul>\n<p><strong>Additional Features<\/strong>:<\/p>\n<ul>\n<li>Three <strong>round side holes<\/strong> that contribute to the sound projection.<\/li>\n<li><strong>Sound demonstration video<\/strong>: Experience the acoustic quality of the instrument.<\/li>\n<\/ul>\n<hr \/>\n<p><strong>About this type of monocord<\/strong><\/p>\n<p>The <strong>Monocord Val Bavona<\/strong> is designed to create a <strong>\u00absound carpet\u00bb<\/strong> or <strong>\u00abdrone\u00bb<\/strong> harmonic effect, providing a rich and immersive sound experience. Its ability to produce multiple voices and harmonics, especially when the strings are played at different spots, makes it an ideal instrument for meditation, relaxation, or musical performance.<\/p>\n<p>The shape of the monocord has been meticulously designed to maximize vibration in the lower part, allowing the sound to perfectly adapt to the human body. This feature is ideal for <strong>sound massage<\/strong>, as it can be applied directly to the body, transmitting the vibrations of its rich harmonics in a deep and enveloping manner.<\/p>\n<p>The carefully selected woods and <strong>handcrafted construction<\/strong> ensure optimal weight and volume, allowing the instrument to adapt perfectly to the human body while transmitting a wide spectrum of resonances, both for the ear and the body.<\/p>\n<hr \/>\n<p>This <strong>Monocord Val Bavona<\/strong> is the perfect choice for those seeking an instrument with unique sound and a complete sensory experience.<\/p>\n<p><img decoding=\"async\" class=\"wt-max-width-full wt-horizontal-center wt-vertical-center carousel-image wt-rounded\" src=\"https:\/\/i.etsystatic.com\/22895589\/r\/il\/0e6325\/2580681841\/il_794xN.2580681841_khes.jpg\" srcset=\"https:\/\/i.etsystatic.com\/22895589\/r\/il\/0e6325\/2580681841\/il_794xN.2580681841_khes.jpg 1x, https:\/\/i.etsystatic.com\/22895589\/r\/il\/0e6325\/2580681841\/il_1588xN.2580681841_khes.jpg 2x\" alt=\"Monocordio de Val Bavona imagen 1\" data-carousel-first-image=\"\" data-perf-group=\"main-product-image\" data-original-image-width=\"3000\" data-src-zoom-image=\"https:\/\/i.etsystatic.com\/22895589\/r\/il\/0e6325\/2580681841\/il_fullxfull.2580681841_khes.jpg\" data-index=\"0\" \/><\/p>\n<p><strong>Monocordio Val Bavona<\/strong><\/p>\n<p>El <strong>Monocordio Val Bavona<\/strong> est\u00e1 inspirado tanto simb\u00f3lica como est\u00e9ticamente por el majestuoso <strong>Val Bavona<\/strong>, un valle situado en Suiza, en la regi\u00f3n del Ticino. Este instrumento de lujo es una pieza \u00fanica de alta calidad, especialmente dise\u00f1ado para m\u00fasicos exigentes.<\/p>\n<ul>\n<li><strong>37 cuerdas<\/strong>: Instrumento de calidad de concierto que ofrece un <strong>sonido c\u00e1lido y refinado<\/strong>.<\/li>\n<li><strong>Materiales de primera calidad<\/strong>:\n<ul>\n<li><strong>Madera de fresno<\/strong> perfectamente sazonada y cortada.<\/li>\n<li><strong>Cubiertas arm\u00f3nicas de abeto alpino<\/strong>.<\/li>\n<li><strong>Extremos superiores de yatoba<\/strong> y <strong>puente de ipe<\/strong>.<\/li>\n<\/ul>\n<\/li>\n<li><strong>Tama\u00f1o<\/strong>: El modelo <strong>Val Bavona<\/strong> es ligeramente m\u00e1s peque\u00f1o y ligero que el modelo <strong>Lumnezia<\/strong>, sin sacrificar la calidad sonora.<\/li>\n<li><strong>Dise\u00f1o de agujero superior<\/strong>: El <strong>agujero en forma de flor de la vida<\/strong> no solo ofrece una est\u00e9tica sublime, sino que tambi\u00e9n optimiza la resonancia para un sonido m\u00e1s puro.<\/li>\n<li><strong>Acabado natural<\/strong>: El monocordio est\u00e1 tratado con <strong>extracto de plantas casero, aceite y cera<\/strong> para un acabado suave y duradero.<\/li>\n<li><strong>Ajuste preciso<\/strong>: Las <strong>perlas de ajuste fino<\/strong> y los <strong>tornillos de precisi\u00f3n<\/strong> est\u00e1n perfectamente posicionados para permitir un ajuste impecable de las cuerdas.<\/li>\n<\/ul>\n<p><strong>Caracter\u00edsticas adicionales<\/strong>:<\/p>\n<ul>\n<li>Tres <strong>orificios laterales redondos<\/strong> que contribuyen a la proyecci\u00f3n del sonido.<\/li>\n<li><strong>Sonido de demostraci\u00f3n en video<\/strong>: Descubre la calidad ac\u00fastica del instrumento.<\/li>\n<\/ul>\n<hr \/>\n<p><strong>Acerca de este tipo de monocordio<\/strong><\/p>\n<p>El <strong>Monocordio Val Bavona<\/strong> est\u00e1 dise\u00f1ado para crear una <strong>\u00abalfombra de sonido\u00bb<\/strong> o <strong>\u00abbord\u00f3n\u00bb arm\u00f3nico<\/strong>, brindando una experiencia sonora rica y envolvente. Su capacidad para generar m\u00faltiples voces y arm\u00f3nicos, especialmente cuando las cuerdas se tocan en diferentes posiciones, lo convierte en un instrumento ideal para meditaci\u00f3n, relajaci\u00f3n o performance musical.<\/p>\n<p>La forma del monocordio ha sido meticulosamente dise\u00f1ada para maximizar la vibraci\u00f3n en la parte inferior, permitiendo que el sonido se adapte perfectamente al cuerpo humano. Esta caracter\u00edstica es ideal para realizar <strong>masajes sonoros<\/strong>, ya que puede aplicarse directamente sobre el cuerpo, transmitiendo la vibraci\u00f3n de sus ricos arm\u00f3nicos de una manera profunda y envolvente.<\/p>\n<p>Las maderas seleccionadas y la <strong>construcci\u00f3n artesanal<\/strong> garantizan un peso y volumen \u00f3ptimos, permitiendo que el instrumento se adapte perfectamente al cuerpo humano y transmita un espectro amplio de resonancias, tanto para el o\u00eddo como para el cuerpo.<\/p>\n<hr \/>\n<p>Este <strong>Monocordio Val Bavona<\/strong> es la elecci\u00f3n perfecta para quienes buscan un instrumento con una sonoridad \u00fanica y una experiencia sensorial completa.<\/p>\n<div class=\"ast-oembed-container\" style=\"height: 100%;\"><iframe title=\"Joel Oliv\u00e9 Lumnezia Monochord\" width=\"500\" height=\"281\" src=\"https:\/\/www.youtube.com\/embed\/z9R2arbze68?feature=oembed\" frameborder=\"0\" allow=\"accelerometer; autoplay; clipboard-write; encrypted-media; gyroscope; picture-in-picture; web-share\" referrerpolicy=\"strict-origin-when-cross-origin\" allowfullscreen><\/iframe><\/div>\n<div class=\"ast-oembed-container\" style=\"height: 100%;\"><iframe title=\"Monochord by Joel Oliv\u00e9 - soundtrance.com\" width=\"500\" height=\"281\" src=\"https:\/\/www.youtube.com\/embed\/YYK6ki8iURM?feature=oembed\" frameborder=\"0\" allow=\"accelerometer; autoplay; clipboard-write; encrypted-media; gyroscope; picture-in-picture; web-share\" referrerpolicy=\"strict-origin-when-cross-origin\" allowfullscreen><\/iframe><\/div>\n<p>Afinando un monocordio<\/p>\n<div class=\"ast-oembed-container\" style=\"height: 100%;\"><iframe title=\"Tuning a Monochord from Etsy\/Soundtrance\" width=\"500\" height=\"281\" src=\"https:\/\/www.youtube.com\/embed\/FZkShT3-D0Q?feature=oembed\" frameborder=\"0\" allow=\"accelerometer; autoplay; clipboard-write; encrypted-media; gyroscope; picture-in-picture; web-share\" referrerpolicy=\"strict-origin-when-cross-origin\" allowfullscreen><\/iframe><\/div>\n<p>&nbsp;<\/p>","protected":false},"excerpt":{"rendered":"<p>Monocord Val Bavona The Monocord Val Bavona is both symbolically and aesthetically inspired by the majestic Val Bavona, a valley [&hellip;]<\/p>","protected":false},"featured_media":5086,"comment_status":"open","ping_status":"closed","template":"","meta":{"_acf_changed":false,"site-sidebar-layout":"default","site-content-layout":"","ast-site-content-layout":"default","site-content-style":"default","site-sidebar-style":"default","ast-global-header-display":"","ast-banner-title-visibility":"","ast-main-header-display":"","ast-hfb-above-header-display":"","ast-hfb-below-header-display":"","ast-hfb-mobile-header-display":"","site-post-title":"","ast-breadcrumbs-content":"","ast-featured-img":"","footer-sml-layout":"","theme-transparent-header-meta":"default","adv-header-id-meta":"","stick-header-meta":"","header-above-stick-meta":"","header-main-stick-meta":"","header-below-stick-meta":"","astra-migrate-meta-layouts":"set","ast-page-background-enabled":"default","ast-page-background-meta":{"desktop":{"background-color":"var(--ast-global-color-4)","background-image":"","background-repeat":"repeat","background-position":"center center","background-size":"auto","background-attachment":"scroll","background-type":"","background-media":"","overlay-type":"","overlay-color":"","overlay-opacity":"","overlay-gradient":""},"tablet":{"background-color":"","background-image":"","background-repeat":"repeat","background-position":"center center","background-size":"auto","background-attachment":"scroll","background-type":"","background-media":"","overlay-type":"","overlay-color":"","overlay-opacity":"","overlay-gradient":""},"mobile":{"background-color":"","background-image":"","background-repeat":"repeat","background-position":"center center","background-size":"auto","background-attachment":"scroll","background-type":"","background-media":"","overlay-type":"","overlay-color":"","overlay-opacity":"","overlay-gradient":""}},"ast-content-background-meta":{"desktop":{"background-color":"var(--ast-global-color-5)","background-image":"","background-repeat":"repeat","background-position":"center center","background-size":"auto","background-attachment":"scroll","background-type":"","background-media":"","overlay-type":"","overlay-color":"","overlay-opacity":"","overlay-gradient":""},"tablet":{"background-color":"var(--ast-global-color-5)","background-image":"","background-repeat":"repeat","background-position":"center center","background-size":"auto","background-attachment":"scroll","background-type":"","background-media":"","overlay-type":"","overlay-color":"","overlay-opacity":"","overlay-gradient":""},"mobile":{"background-color":"var(--ast-global-color-5)","background-image":"","background-repeat":"repeat","background-position":"center center","background-size":"auto","background-attachment":"scroll","background-type":"","background-media":"","overlay-type":"","overlay-color":"","overlay-opacity":"","overlay-gradient":""}}},"product_brand":[],"product_cat":[50],"product_tag":[],"class_list":{"0":"post-5076","1":"product","2":"type-product","3":"status-publish","4":"has-post-thumbnail","6":"product_cat-monocordio","7":"desktop-align-left","8":"tablet-align-left","9":"mobile-align-left","11":"first","12":"instock","13":"featured","14":"shipping-taxable","15":"purchasable","16":"product-type-variable"},"acf":[],"_links":{"self":[{"href":"https:\/\/soundtrance.ushopic.link\/de\/wp-json\/wp\/v2\/product\/5076","targetHints":{"allow":["GET"]}}],"collection":[{"href":"https:\/\/soundtrance.ushopic.link\/de\/wp-json\/wp\/v2\/product"}],"about":[{"href":"https:\/\/soundtrance.ushopic.link\/de\/wp-json\/wp\/v2\/types\/product"}],"replies":[{"embeddable":true,"href":"https:\/\/soundtrance.ushopic.link\/de\/wp-json\/wp\/v2\/comments?post=5076"}],"wp:featuredmedia":[{"embeddable":true,"href":"https:\/\/soundtrance.ushopic.link\/de\/wp-json\/wp\/v2\/media\/5086"}],"wp:attachment":[{"href":"https:\/\/soundtrance.ushopic.link\/de\/wp-json\/wp\/v2\/media?parent=5076"}],"wp:term":[{"taxonomy":"product_brand","embeddable":true,"href":"https:\/\/soundtrance.ushopic.link\/de\/wp-json\/wp\/v2\/product_brand?post=5076"},{"taxonomy":"product_cat","embeddable":true,"href":"https:\/\/soundtrance.ushopic.link\/de\/wp-json\/wp\/v2\/product_cat?post=5076"},{"taxonomy":"product_tag","embeddable":true,"href":"https:\/\/soundtrance.ushopic.link\/de\/wp-json\/wp\/v2\/product_tag?post=5076"}],"curies":[{"name":"wp","href":"https:\/\/api.w.org\/{rel}","templated":true}]}}