{"id":4995,"date":"2023-04-20T10:00:05","date_gmt":"2023-04-20T09:00:05","guid":{"rendered":"https:\/\/soundtrance.ushopic.link\/?post_type=product&#038;p=4995"},"modified":"2025-02-06T11:31:11","modified_gmt":"2025-02-06T10:31:11","slug":"lumnezia-sonando-monocordio","status":"publish","type":"product","link":"https:\/\/soundtrance.ushopic.link\/en\/product\/lumnezia-sonando-monocordio\/","title":{"rendered":"Om Monochord"},"content":{"rendered":"<h3><strong>\u00a0<img fetchpriority=\"high\" decoding=\"async\" class=\"alignnone size-medium wp-image-5391\" src=\"https:\/\/soundtrance.ushopic.link\/wp-content\/uploads\/2023\/04\/IMG_7999-300x225.jpeg\" alt=\"\" width=\"300\" height=\"225\" srcset=\"https:\/\/soundtrance.ushopic.link\/wp-content\/uploads\/2023\/04\/IMG_7999-300x225.jpeg 300w, https:\/\/soundtrance.ushopic.link\/wp-content\/uploads\/2023\/04\/IMG_7999-1024x768.jpeg 1024w, https:\/\/soundtrance.ushopic.link\/wp-content\/uploads\/2023\/04\/IMG_7999-768x576.jpeg 768w, https:\/\/soundtrance.ushopic.link\/wp-content\/uploads\/2023\/04\/IMG_7999-1536x1152.jpeg 1536w, https:\/\/soundtrance.ushopic.link\/wp-content\/uploads\/2023\/04\/IMG_7999-2048x1536.jpeg 2048w, https:\/\/soundtrance.ushopic.link\/wp-content\/uploads\/2023\/04\/IMG_7999-16x12.jpeg 16w, https:\/\/soundtrance.ushopic.link\/wp-content\/uploads\/2023\/04\/IMG_7999-1320x990.jpeg 1320w, https:\/\/soundtrance.ushopic.link\/wp-content\/uploads\/2023\/04\/IMG_7999-600x450.jpeg 600w\" sizes=\"(max-width: 300px) 100vw, 300px\" \/>Om Monochord<\/strong><\/h3>\n<p>The <strong>Om Monochord<\/strong> is an exquisite instrument designed for those who seek the <strong>finest sound quality<\/strong>, a <strong>balanced resonance<\/strong>, and a deep connection with the ancient art of sound healing. Drawing inspiration from the sacred symbol of <strong>Om<\/strong>, this instrument is designed to create an enveloping <strong>harmonic landscape<\/strong> that carries a sense of profound calm and spiritual depth. The <strong>Om Monochord<\/strong> is a piece of <strong>luxury craftsmanship<\/strong>, made for musicians and therapists who require a truly exceptional sound experience.<\/p>\n<h4><strong>37 strings<\/strong>:<\/h4>\n<p>A <strong>concert-quality instrument<\/strong> offering a <strong>warm and clear sound<\/strong> that envelops the listener with its harmonic richness and depth. The <strong>sound rating<\/strong> of <strong>10\/10<\/strong>, <strong>look rating<\/strong> of <strong>10\/10<\/strong>, and <strong>tuning\/playability<\/strong> rating of <strong>10\/10<\/strong> ensure a perfect, professional experience.<\/p>\n<h3><strong><img decoding=\"async\" class=\"alignnone size-medium wp-image-5392\" src=\"https:\/\/soundtrance.ushopic.link\/wp-content\/uploads\/2023\/04\/IMG_7998-300x225.jpeg\" alt=\"\" width=\"300\" height=\"225\" srcset=\"https:\/\/soundtrance.ushopic.link\/wp-content\/uploads\/2023\/04\/IMG_7998-300x225.jpeg 300w, https:\/\/soundtrance.ushopic.link\/wp-content\/uploads\/2023\/04\/IMG_7998-1024x768.jpeg 1024w, https:\/\/soundtrance.ushopic.link\/wp-content\/uploads\/2023\/04\/IMG_7998-768x576.jpeg 768w, https:\/\/soundtrance.ushopic.link\/wp-content\/uploads\/2023\/04\/IMG_7998-1536x1152.jpeg 1536w, https:\/\/soundtrance.ushopic.link\/wp-content\/uploads\/2023\/04\/IMG_7998-2048x1536.jpeg 2048w, https:\/\/soundtrance.ushopic.link\/wp-content\/uploads\/2023\/04\/IMG_7998-16x12.jpeg 16w, https:\/\/soundtrance.ushopic.link\/wp-content\/uploads\/2023\/04\/IMG_7998-1320x990.jpeg 1320w, https:\/\/soundtrance.ushopic.link\/wp-content\/uploads\/2023\/04\/IMG_7998-600x450.jpeg 600w\" sizes=\"(max-width: 300px) 100vw, 300px\" \/><\/strong><strong>Top-Quality Materials<\/strong>:<\/h3>\n<ul>\n<li><strong>Body<\/strong>: Crafted from <strong>Jatoba wood<\/strong>, a dense and highly resonant material known for its warmth and clarity.<\/li>\n<li><strong>Covers<\/strong>: <strong>Best Alpine Spruce<\/strong> is used for the harmonic covers, selected for its top-notch acoustics and ability to create a well-rounded, pure sound.<\/li>\n<li><strong>Top Ends<\/strong>: The <strong>top ends<\/strong> are made from a blend of <strong>Jatoba wood and ash wood<\/strong>, combining both durability and visual appeal with superior sound transmission.<\/li>\n<li><strong>Sound Hole<\/strong>: A <strong>big Flower of Life M\u00e5ndala sound hole<\/strong> on the top not only adds to the visual elegance but also enhances the acoustic qualities by promoting <strong>optimal resonance<\/strong> and <strong>vibration<\/strong>.<\/li>\n<\/ul>\n<h4><strong>Finish<\/strong>:<\/h4>\n<ul>\n<li>The instrument is treated with a <strong>vegetable plant extract coat<\/strong>, oil, and wax to provide a <strong>smooth, natural finish<\/strong> that enhances both aesthetics and sound quality.<\/li>\n<li><strong>Fine Polishing<\/strong>: The instrument is polished to an <strong>800-grain finish<\/strong>, giving it a stunning, high-quality appearance.<\/li>\n<\/ul>\n<h3><strong>\u00a0<img decoding=\"async\" class=\"alignnone size-medium wp-image-5390\" src=\"https:\/\/soundtrance.ushopic.link\/wp-content\/uploads\/2023\/04\/IMG_8001-300x225.jpeg\" alt=\"\" width=\"300\" height=\"225\" srcset=\"https:\/\/soundtrance.ushopic.link\/wp-content\/uploads\/2023\/04\/IMG_8001-300x225.jpeg 300w, https:\/\/soundtrance.ushopic.link\/wp-content\/uploads\/2023\/04\/IMG_8001-1024x768.jpeg 1024w, https:\/\/soundtrance.ushopic.link\/wp-content\/uploads\/2023\/04\/IMG_8001-768x576.jpeg 768w, https:\/\/soundtrance.ushopic.link\/wp-content\/uploads\/2023\/04\/IMG_8001-1536x1152.jpeg 1536w, https:\/\/soundtrance.ushopic.link\/wp-content\/uploads\/2023\/04\/IMG_8001-2048x1536.jpeg 2048w, https:\/\/soundtrance.ushopic.link\/wp-content\/uploads\/2023\/04\/IMG_8001-16x12.jpeg 16w, https:\/\/soundtrance.ushopic.link\/wp-content\/uploads\/2023\/04\/IMG_8001-1320x990.jpeg 1320w, https:\/\/soundtrance.ushopic.link\/wp-content\/uploads\/2023\/04\/IMG_8001-600x450.jpeg 600w\" sizes=\"(max-width: 300px) 100vw, 300px\" \/> <\/strong><\/h3>\n<h4><strong>Precise Tuning<\/strong>:<\/h4>\n<ul>\n<li>The <strong>natural bone fine-tuning pearls<\/strong> and <strong>precision screws<\/strong> are perfectly positioned for easy adjustment, allowing for <strong>impeccable tuning<\/strong> and a stable playing experience.<\/li>\n<\/ul>\n<h4><strong>Additional Features<\/strong>:<\/h4>\n<ul>\n<li><strong>No Side Holes<\/strong>: The absence of side holes makes the <strong>Om Monochord<\/strong> an instrument with a slightly more <strong>intimate resonance<\/strong>, focusing its sound in an <strong>omnidirctional<\/strong> and <strong>warmer<\/strong> manner.<\/li>\n<li><strong>Inlay Wood Details<\/strong>: Beautiful <strong>wood inlays<\/strong> serve as decoration, adding an elegant touch to the overall appearance.<\/li>\n<li><strong>Solid, Carved Pieces<\/strong>: The structure of the <strong>Om Monochord<\/strong> features <strong>fewer joins<\/strong>, resulting in <strong>solid, carved pieces<\/strong>, which further enhance the purity and stability of the sound.<\/li>\n<\/ul>\n<h3><strong><img loading=\"lazy\" decoding=\"async\" class=\"alignnone size-medium wp-image-5397\" src=\"https:\/\/soundtrance.ushopic.link\/wp-content\/uploads\/2023\/04\/IMG_7992-300x225.jpeg\" alt=\"\" width=\"300\" height=\"225\" srcset=\"https:\/\/soundtrance.ushopic.link\/wp-content\/uploads\/2023\/04\/IMG_7992-300x225.jpeg 300w, https:\/\/soundtrance.ushopic.link\/wp-content\/uploads\/2023\/04\/IMG_7992-1024x768.jpeg 1024w, https:\/\/soundtrance.ushopic.link\/wp-content\/uploads\/2023\/04\/IMG_7992-768x576.jpeg 768w, https:\/\/soundtrance.ushopic.link\/wp-content\/uploads\/2023\/04\/IMG_7992-1536x1152.jpeg 1536w, https:\/\/soundtrance.ushopic.link\/wp-content\/uploads\/2023\/04\/IMG_7992-2048x1536.jpeg 2048w, https:\/\/soundtrance.ushopic.link\/wp-content\/uploads\/2023\/04\/IMG_7992-16x12.jpeg 16w, https:\/\/soundtrance.ushopic.link\/wp-content\/uploads\/2023\/04\/IMG_7992-1320x990.jpeg 1320w, https:\/\/soundtrance.ushopic.link\/wp-content\/uploads\/2023\/04\/IMG_7992-600x450.jpeg 600w\" sizes=\"(max-width: 300px) 100vw, 300px\" \/> <\/strong><\/h3>\n<h4><strong>Shape<\/strong>:<\/h4>\n<p>The design of the <strong>Om Monochord<\/strong> ensures a <strong>strong vibration<\/strong> in the lower part, allowing the instrument to <strong>adapt perfectly to the human body<\/strong>. This is ideal for <strong>sound massage<\/strong>, where the vibrations can be directly applied to the body, offering a truly therapeutic experience. The selected woods and <strong>handmade construction method<\/strong> are perfect for ensuring that the instrument resonates deeply, delivering <strong>rich overtones<\/strong> and vibrations that affect both the ear and the body.<\/p>\n<h4><strong>Sound Journey &amp; Therapeutic Use<\/strong>:<\/h4>\n<p>The <strong>Om Monochord<\/strong> is ideal for <strong>sound journeys<\/strong>, meditation, relaxation, and <strong>sound therapy<\/strong>. Its deep, warm resonance is perfect for creating a calm and soothing atmosphere, making it an excellent tool for practitioners of <strong>sound healing<\/strong> and anyone looking to explore the therapeutic power of sound.<\/p>\n<hr \/>\n<h4><strong>Tuning Tutorial<\/strong>:<\/h4>\n<p>Learn how to tune your <strong>Om Monochord<\/strong> with this detailed tutorial:<br \/>\n<a href=\"https:\/\/youtu.be\/dSrFdDzkVY4\" target=\"_new\" rel=\"noopener\"><strong>Tuning Tutorial<\/strong><\/a><\/p>\n<h4><strong>Sound Demonstration<\/strong>:<\/h4>\n<p>Listen to the <strong>Om Monochord<\/strong> in action:<br \/>\n<a href=\"https:\/\/youtu.be\/sO45H84ioLE\" target=\"_new\" rel=\"noopener\"><strong>Sound Demo 1<\/strong><\/a><br \/>\n<a href=\"https:\/\/youtu.be\/YA3lY1woE7A\" target=\"_new\" rel=\"noopener\"><strong>Sound Demo 2<\/strong><\/a><br \/>\n<a href=\"https:\/\/youtu.be\/z9R2arbze68\" target=\"_new\" rel=\"noopener\"><strong>Sound Demo 3<\/strong><\/a><br \/>\n<a href=\"https:\/\/youtu.be\/YYK6ki8iURM\" target=\"_new\" rel=\"noopener\"><strong>Sound Demo 4<\/strong><\/a><\/p>\n<hr \/>\n<p><strong>Om Monochord &#8211; A Sound Experience Like No Other.<\/strong><\/p>\n<hr \/>\n<p><strong><a target=\"_new\" rel=\"noopener\">www.soundtrance.com<\/a><\/strong><br \/>\n<a href=\"https:\/\/enteoanima.bandcamp.com\/\" target=\"_new\" rel=\"noopener\"><strong>Enteo Anima Bandcamp<\/strong><\/a><\/p>\n<hr \/>\n<h3><strong><img loading=\"lazy\" decoding=\"async\" class=\"alignnone size-medium wp-image-5394\" src=\"https:\/\/soundtrance.ushopic.link\/wp-content\/uploads\/2023\/04\/IMG_7996-300x225.jpeg\" alt=\"\" width=\"300\" height=\"225\" srcset=\"https:\/\/soundtrance.ushopic.link\/wp-content\/uploads\/2023\/04\/IMG_7996-300x225.jpeg 300w, https:\/\/soundtrance.ushopic.link\/wp-content\/uploads\/2023\/04\/IMG_7996-1024x768.jpeg 1024w, https:\/\/soundtrance.ushopic.link\/wp-content\/uploads\/2023\/04\/IMG_7996-768x576.jpeg 768w, https:\/\/soundtrance.ushopic.link\/wp-content\/uploads\/2023\/04\/IMG_7996-1536x1152.jpeg 1536w, https:\/\/soundtrance.ushopic.link\/wp-content\/uploads\/2023\/04\/IMG_7996-2048x1536.jpeg 2048w, https:\/\/soundtrance.ushopic.link\/wp-content\/uploads\/2023\/04\/IMG_7996-16x12.jpeg 16w, https:\/\/soundtrance.ushopic.link\/wp-content\/uploads\/2023\/04\/IMG_7996-1320x990.jpeg 1320w, https:\/\/soundtrance.ushopic.link\/wp-content\/uploads\/2023\/04\/IMG_7996-600x450.jpeg 600w\" sizes=\"(max-width: 300px) 100vw, 300px\" \/><\/strong><\/h3>\n<h3><strong>Monocordio Om<\/strong><\/h3>\n<p>El <strong>Monocordio Om<\/strong> es un instrumento exquisito dise\u00f1ado para aquellos que buscan la <strong>mejor calidad sonora<\/strong>, una <strong>resonancia equilibrada<\/strong> y una conexi\u00f3n profunda con el antiguo arte de la sanaci\u00f3n a trav\u00e9s del sonido. Inspirado en el <strong>s\u00edmbolo sagrado de Om<\/strong>, este instrumento ha sido creado para generar un <strong>paisaje arm\u00f3nico envolvente<\/strong> que transmite una sensaci\u00f3n de calma profunda y una profunda conexi\u00f3n espiritual. El <strong>Monocordio Om<\/strong> es una pieza de <strong>artesan\u00eda de lujo<\/strong>, hecha para m\u00fasicos y terapeutas que requieren una experiencia sonora verdaderamente excepcional.<\/p>\n<h3><strong><img loading=\"lazy\" decoding=\"async\" class=\"alignnone size-medium wp-image-5395\" src=\"https:\/\/soundtrance.ushopic.link\/wp-content\/uploads\/2023\/04\/IMG_7994-240x300.jpeg\" alt=\"\" width=\"240\" height=\"300\" srcset=\"https:\/\/soundtrance.ushopic.link\/wp-content\/uploads\/2023\/04\/IMG_7994-240x300.jpeg 240w, https:\/\/soundtrance.ushopic.link\/wp-content\/uploads\/2023\/04\/IMG_7994-820x1024.jpeg 820w, https:\/\/soundtrance.ushopic.link\/wp-content\/uploads\/2023\/04\/IMG_7994-768x960.jpeg 768w, https:\/\/soundtrance.ushopic.link\/wp-content\/uploads\/2023\/04\/IMG_7994-10x12.jpeg 10w, https:\/\/soundtrance.ushopic.link\/wp-content\/uploads\/2023\/04\/IMG_7994-600x750.jpeg 600w, https:\/\/soundtrance.ushopic.link\/wp-content\/uploads\/2023\/04\/IMG_7994.jpeg 1010w\" sizes=\"(max-width: 240px) 100vw, 240px\" \/> <\/strong><\/h3>\n<h4><strong>37 cuerdas<\/strong>:<\/h4>\n<p>Un <strong>instrumento de calidad de concierto<\/strong> que ofrece un sonido <strong>c\u00e1lido y claro<\/strong>, envolviendo al oyente con su riqueza arm\u00f3nica y profundidad. Su <strong>valoraci\u00f3n de sonido<\/strong> es de <strong>10\/10<\/strong>, su <strong>valoraci\u00f3n de aspecto<\/strong> de <strong>10\/10<\/strong> y su <strong>valoraci\u00f3n de afinaci\u00f3n\/jugabilidad<\/strong> de <strong>10\/10<\/strong>, asegurando una experiencia profesional perfecta.<\/p>\n<h4><strong>Materiales de primera calidad<\/strong>:<\/h4>\n<ul>\n<li><strong>Cuerpo<\/strong>: Fabricado en <strong>madera de Jatoba<\/strong>, una madera densa y altamente resonante conocida por su calidez y claridad.<\/li>\n<li><strong>Cubiertas<\/strong>: <strong>Abeto alpino de la mejor calidad<\/strong>, seleccionado por sus propiedades ac\u00fasticas excepcionales y su capacidad para crear un sonido puro y equilibrado.<\/li>\n<li><strong>Extremos superiores<\/strong>: Los <strong>extremos superiores<\/strong> est\u00e1n hechos de una mezcla de <strong>madera de Jatoba y madera de fresno<\/strong>, combinando durabilidad y atractivo visual con una excelente transmisi\u00f3n del sonido.<\/li>\n<li><strong>Agujero de sonido<\/strong>: Un <strong>gran agujero de sonido Flower of Life M\u00e5ndala<\/strong> en la parte superior no solo embellece el instrumento, sino que tambi\u00e9n mejora las cualidades ac\u00fasticas al promover una <strong>resonancia \u00f3ptima<\/strong> y <strong>vibraci\u00f3n<\/strong>.<\/li>\n<\/ul>\n<h4><strong>Acabado<\/strong>:<\/h4>\n<ul>\n<li>El instrumento se trata con un <strong>recubrimiento de extracto vegetal de plantas<\/strong>, aceite y cera, proporcionando un <strong>acabado suave y natural<\/strong> que mejora tanto la est\u00e9tica como la calidad del sonido.<\/li>\n<li><strong>Pulido fino<\/strong>: El instrumento se pule con un acabado de <strong>grano 800<\/strong>, d\u00e1ndole una apariencia impresionante y de alta calidad.<\/li>\n<\/ul>\n<h4><strong>Afinaci\u00f3n precisa<\/strong>:<\/h4>\n<ul>\n<li>Las <strong>perlas de afinaci\u00f3n natural de hueso<\/strong> y los <strong>tornillos de precisi\u00f3n<\/strong> est\u00e1n posicionados perfectamente para permitir un <strong>ajuste impecable<\/strong>, proporcionando una experiencia de afinaci\u00f3n estable.<\/li>\n<\/ul>\n<h4><strong>Caracter\u00edsticas adicionales<\/strong>:<\/h4>\n<ul>\n<li><strong>Sin agujeros laterales<\/strong>: La ausencia de agujeros laterales hace que el <strong>Monocordio Om<\/strong> tenga una resonancia m\u00e1s <strong>\u00edntima<\/strong>, centrando su sonido de forma <strong>omnidireccional<\/strong> y m\u00e1s <strong>c\u00e1lida<\/strong>.<\/li>\n<li><strong>Detalles de madera incrustada<\/strong>: Hermosos <strong>detalles de madera incrustada<\/strong> como decoraci\u00f3n, a\u00f1adiendo un toque elegante al aspecto general.<\/li>\n<li><strong>Piezas s\u00f3lidas talladas<\/strong>: La estructura del <strong>Monocordio Om<\/strong> presenta <strong>menos uniones<\/strong>, lo que resulta en <strong>piezas s\u00f3lidas talladas<\/strong>, lo que mejora la pureza y estabilidad del sonido.<\/li>\n<\/ul>\n<h4><strong>Forma<\/strong>:<\/h4>\n<p>El dise\u00f1o del <strong>Monocordio Om<\/strong> asegura una <strong>vibraci\u00f3n fuerte<\/strong> en la parte inferior, permitiendo que el instrumento se <strong>adapte perfectamente al cuerpo humano<\/strong>. Esto es ideal para realizar <strong>masajes sonoros<\/strong>, ya que las vibraciones pueden aplicarse directamente al cuerpo, ofreciendo una experiencia terap\u00e9utica \u00fanica. Las maderas seleccionadas y el <strong>proceso de construcci\u00f3n artesanal<\/strong> aseguran que el instrumento tenga la resonancia adecuada, transmitiendo <strong>ricos arm\u00f3nicos<\/strong> y vibraciones que afectan tanto al o\u00eddo como al cuerpo.<\/p>\n<h4><strong>Uso en Terapia y Viajes Sonoros<\/strong>:<\/h4>\n<p>El <strong>Monocordio Om<\/strong> es ideal para <strong>viajes sonoros<\/strong>, meditaci\u00f3n, relajaci\u00f3n y <strong>terapia sonora<\/strong>. Su resonancia profunda y c\u00e1lida es perfecta para crear un ambiente tranquilo y relajante, lo que lo convierte en una excelente herramienta para los practicantes de <strong>sanaci\u00f3n a trav\u00e9s del sonido<\/strong> y cualquier persona interesada en explorar el poder terap\u00e9utico del sonido.<\/p>\n<hr \/>\n<h4><strong>Tutorial de Afinaci\u00f3n<\/strong>:<\/h4>\n<p>Aprende a afinar tu <strong>Monocordio Om<\/strong> con este tutorial detallado:<br \/>\n<a href=\"https:\/\/youtu.be\/dSrFdDzkVY4\" target=\"_new\" rel=\"noopener\"><strong>Tutorial de afinaci\u00f3n<\/strong><\/a><\/p>\n<h4><strong>Demostraci\u00f3n de Sonido<\/strong>:<\/h4>\n<p>Escucha el <strong>Monocordio Om<\/strong> en acci\u00f3n:<br \/>\n<a href=\"https:\/\/youtu.be\/sO45H84ioLE\" target=\"_new\" rel=\"noopener\"><strong>Demostraci\u00f3n de sonido 1<\/strong><\/a><br \/>\n<a href=\"https:\/\/youtu.be\/YA3lY1woE7A\" target=\"_new\" rel=\"noopener\"><strong>Demostraci\u00f3n de sonido 2<\/strong><\/a><br \/>\n<a href=\"https:\/\/youtu.be\/z9R2arbze68\" target=\"_new\" rel=\"noopener\"><strong>Demostraci\u00f3n de sonido 3<\/strong><\/a><br \/>\n<a href=\"https:\/\/youtu.be\/YYK6ki8iURM\" target=\"_new\" rel=\"noopener\"><strong>Demostraci\u00f3n de sonido 4<\/strong><\/a><\/p>\n<hr \/>\n<p><strong>Monocordio Om &#8211; Una experiencia sonora como ninguna otra.<\/strong><\/p>\n<p>&nbsp;<\/p>\n<h3><strong> <img loading=\"lazy\" decoding=\"async\" class=\"alignnone size-medium wp-image-5382\" src=\"https:\/\/soundtrance.ushopic.link\/wp-content\/uploads\/2023\/04\/IMG_8189-225x300.jpeg\" alt=\"\" width=\"225\" height=\"300\" srcset=\"https:\/\/soundtrance.ushopic.link\/wp-content\/uploads\/2023\/04\/IMG_8189-225x300.jpeg 225w, https:\/\/soundtrance.ushopic.link\/wp-content\/uploads\/2023\/04\/IMG_8189-768x1024.jpeg 768w, https:\/\/soundtrance.ushopic.link\/wp-content\/uploads\/2023\/04\/IMG_8189-1152x1536.jpeg 1152w, https:\/\/soundtrance.ushopic.link\/wp-content\/uploads\/2023\/04\/IMG_8189-1536x2048.jpeg 1536w, https:\/\/soundtrance.ushopic.link\/wp-content\/uploads\/2023\/04\/IMG_8189-9x12.jpeg 9w, https:\/\/soundtrance.ushopic.link\/wp-content\/uploads\/2023\/04\/IMG_8189-1320x1760.jpeg 1320w, https:\/\/soundtrance.ushopic.link\/wp-content\/uploads\/2023\/04\/IMG_8189-600x800.jpeg 600w, https:\/\/soundtrance.ushopic.link\/wp-content\/uploads\/2023\/04\/IMG_8189-scaled.jpeg 1920w\" sizes=\"(max-width: 225px) 100vw, 225px\" \/> <img loading=\"lazy\" decoding=\"async\" class=\"alignnone size-medium wp-image-5379\" src=\"https:\/\/soundtrance.ushopic.link\/wp-content\/uploads\/2023\/04\/IMG_8340-300x225.jpeg\" alt=\"\" width=\"300\" height=\"225\" srcset=\"https:\/\/soundtrance.ushopic.link\/wp-content\/uploads\/2023\/04\/IMG_8340-300x225.jpeg 300w, https:\/\/soundtrance.ushopic.link\/wp-content\/uploads\/2023\/04\/IMG_8340-1024x768.jpeg 1024w, https:\/\/soundtrance.ushopic.link\/wp-content\/uploads\/2023\/04\/IMG_8340-768x576.jpeg 768w, https:\/\/soundtrance.ushopic.link\/wp-content\/uploads\/2023\/04\/IMG_8340-1536x1152.jpeg 1536w, https:\/\/soundtrance.ushopic.link\/wp-content\/uploads\/2023\/04\/IMG_8340-2048x1536.jpeg 2048w, https:\/\/soundtrance.ushopic.link\/wp-content\/uploads\/2023\/04\/IMG_8340-16x12.jpeg 16w, https:\/\/soundtrance.ushopic.link\/wp-content\/uploads\/2023\/04\/IMG_8340-1320x990.jpeg 1320w, https:\/\/soundtrance.ushopic.link\/wp-content\/uploads\/2023\/04\/IMG_8340-600x450.jpeg 600w\" sizes=\"(max-width: 300px) 100vw, 300px\" \/><\/strong><\/h3>","protected":false},"excerpt":{"rendered":"<p>\u00a0Om Monochord The Om Monochord is an exquisite instrument designed for those who seek the finest sound quality, a balanced [&hellip;]<\/p>","protected":false},"featured_media":5001,"comment_status":"open","ping_status":"closed","template":"","meta":{"_acf_changed":false,"site-sidebar-layout":"default","site-content-layout":"","ast-site-content-layout":"default","site-content-style":"default","site-sidebar-style":"default","ast-global-header-display":"","ast-banner-title-visibility":"","ast-main-header-display":"","ast-hfb-above-header-display":"","ast-hfb-below-header-display":"","ast-hfb-mobile-header-display":"","site-post-title":"","ast-breadcrumbs-content":"","ast-featured-img":"","footer-sml-layout":"","theme-transparent-header-meta":"default","adv-header-id-meta":"","stick-header-meta":"","header-above-stick-meta":"","header-main-stick-meta":"","header-below-stick-meta":"","astra-migrate-meta-layouts":"set","ast-page-background-enabled":"default","ast-page-background-meta":{"desktop":{"background-color":"var(--ast-global-color-4)","background-image":"","background-repeat":"repeat","background-position":"center center","background-size":"auto","background-attachment":"scroll","background-type":"","background-media":"","overlay-type":"","overlay-color":"","overlay-opacity":"","overlay-gradient":""},"tablet":{"background-color":"","background-image":"","background-repeat":"repeat","background-position":"center center","background-size":"auto","background-attachment":"scroll","background-type":"","background-media":"","overlay-type":"","overlay-color":"","overlay-opacity":"","overlay-gradient":""},"mobile":{"background-color":"","background-image":"","background-repeat":"repeat","background-position":"center center","background-size":"auto","background-attachment":"scroll","background-type":"","background-media":"","overlay-type":"","overlay-color":"","overlay-opacity":"","overlay-gradient":""}},"ast-content-background-meta":{"desktop":{"background-color":"var(--ast-global-color-5)","background-image":"","background-repeat":"repeat","background-position":"center center","background-size":"auto","background-attachment":"scroll","background-type":"","background-media":"","overlay-type":"","overlay-color":"","overlay-opacity":"","overlay-gradient":""},"tablet":{"background-color":"var(--ast-global-color-5)","background-image":"","background-repeat":"repeat","background-position":"center center","background-size":"auto","background-attachment":"scroll","background-type":"","background-media":"","overlay-type":"","overlay-color":"","overlay-opacity":"","overlay-gradient":""},"mobile":{"background-color":"var(--ast-global-color-5)","background-image":"","background-repeat":"repeat","background-position":"center center","background-size":"auto","background-attachment":"scroll","background-type":"","background-media":"","overlay-type":"","overlay-color":"","overlay-opacity":"","overlay-gradient":""}}},"product_brand":[],"product_cat":[50],"product_tag":[],"class_list":{"0":"post-4995","1":"product","2":"type-product","3":"status-publish","4":"has-post-thumbnail","6":"product_cat-monocordio","7":"desktop-align-left","8":"tablet-align-left","9":"mobile-align-left","11":"first","12":"instock","13":"shipping-taxable","14":"product-type-variable"},"acf":[],"_links":{"self":[{"href":"https:\/\/soundtrance.ushopic.link\/en\/wp-json\/wp\/v2\/product\/4995","targetHints":{"allow":["GET"]}}],"collection":[{"href":"https:\/\/soundtrance.ushopic.link\/en\/wp-json\/wp\/v2\/product"}],"about":[{"href":"https:\/\/soundtrance.ushopic.link\/en\/wp-json\/wp\/v2\/types\/product"}],"replies":[{"embeddable":true,"href":"https:\/\/soundtrance.ushopic.link\/en\/wp-json\/wp\/v2\/comments?post=4995"}],"wp:featuredmedia":[{"embeddable":true,"href":"https:\/\/soundtrance.ushopic.link\/en\/wp-json\/wp\/v2\/media\/5001"}],"wp:attachment":[{"href":"https:\/\/soundtrance.ushopic.link\/en\/wp-json\/wp\/v2\/media?parent=4995"}],"wp:term":[{"taxonomy":"product_brand","embeddable":true,"href":"https:\/\/soundtrance.ushopic.link\/en\/wp-json\/wp\/v2\/product_brand?post=4995"},{"taxonomy":"product_cat","embeddable":true,"href":"https:\/\/soundtrance.ushopic.link\/en\/wp-json\/wp\/v2\/product_cat?post=4995"},{"taxonomy":"product_tag","embeddable":true,"href":"https:\/\/soundtrance.ushopic.link\/en\/wp-json\/wp\/v2\/product_tag?post=4995"}],"curies":[{"name":"wp","href":"https:\/\/api.w.org\/{rel}","templated":true}]}}