{"id":5029,"date":"2023-04-20T10:11:54","date_gmt":"2023-04-20T09:11:54","guid":{"rendered":"https:\/\/soundtrance.ushopic.link\/?post_type=product&#038;p=5029"},"modified":"2024-03-08T10:45:22","modified_gmt":"2024-03-08T09:45:22","slug":"monocorde-de-sonido-om","status":"publish","type":"product","link":"https:\/\/soundtrance.ushopic.link\/en\/product\/monocorde-de-sonido-om\/","title":{"rendered":"Monocorde de sonido Om"},"content":{"rendered":"<p>33 cuerdas, el mejor instrumento de calidad de concierto. Sonido c\u00e1lido y claro.<br \/>\nMadera de fresno para el cuerpo, mejores cubiertas arm\u00f3nicas de abeto alpino, ipe para las tapas.<br \/>\nGran flor de vida M\u00e5ndala agujero de sonido en la parte superior.<br \/>\nCapa de extracto de plantas vegetales, aceite y cera.<br \/>\nFaltan 6 capas de concha natural.<br \/>\nEl hueso natural de ajuste fino (o sint\u00e9tico) y los tornillos de precisi\u00f3n est\u00e1n perfectamente posicionados para permitir un ajuste fino.<br \/>\nBolsa de transporte incluida.<\/p>\n<p>Sobre este tipo de Monocordio<\/p>\n<p>Este tipo de monocorde, como los otros modelos de monocorde de cuerpo, est\u00e1 dise\u00f1ado para crear un zumbido c\u00e1lido, con muchos matices, manteniendo un bajo agradable. Este modelo en particular, con su asimetr\u00eda ligeramente aumentada de las partes superior e inferior, da un sonido, que es m\u00e1s redondo, que se propaga m\u00e1s de forma omnidireccional. Adem\u00e1s, debido a esto, el sonido es m\u00e1s c\u00e1lido, este modelo no tiene agujeros en los laterales.<\/p>\n<p>Detalles de madera con incrustaciones como decoraci\u00f3n.<br \/>\nMenos juntas en la estructura que significan piezas macizas talladas.<\/p>\n<p>Su forma est\u00e1 dise\u00f1ada para crear una fuerte vibraci\u00f3n en la parte inferior y adaptarse perfectamente al cuerpo humano, para poder realizar masajes sonoros aplicados directamente sobre el cuerpo. Las maderas seleccionadas y el m\u00e9todo de construcci\u00f3n bien hecho a mano, es ideal: resonancia, bajo, peso y volumen, capaz de adaptarse bien al cuerpo y transmitir su riqueza arm\u00f3nica y vibraci\u00f3n, ofreciendo un amplio espectro de resonancias para el o\u00eddo y tambi\u00e9n para el cuerpo humano.<\/p>","protected":false},"excerpt":{"rendered":"<p>33 cuerdas, el mejor instrumento de calidad de concierto. Sonido c\u00e1lido y claro. Madera de fresno para el cuerpo, mejores [&hellip;]<\/p>","protected":false},"featured_media":5032,"comment_status":"open","ping_status":"closed","template":"","meta":{"_acf_changed":false,"site-sidebar-layout":"default","site-content-layout":"","ast-site-content-layout":"","site-content-style":"default","site-sidebar-style":"default","ast-global-header-display":"","ast-banner-title-visibility":"","ast-main-header-display":"","ast-hfb-above-header-display":"","ast-hfb-below-header-display":"","ast-hfb-mobile-header-display":"","site-post-title":"","ast-breadcrumbs-content":"","ast-featured-img":"","footer-sml-layout":"","theme-transparent-header-meta":"","adv-header-id-meta":"","stick-header-meta":"","header-above-stick-meta":"","header-main-stick-meta":"","header-below-stick-meta":"","astra-migrate-meta-layouts":"default","ast-page-background-enabled":"default","ast-page-background-meta":{"desktop":{"background-color":"var(--ast-global-color-4)","background-image":"","background-repeat":"repeat","background-position":"center center","background-size":"auto","background-attachment":"scroll","background-type":"","background-media":"","overlay-type":"","overlay-color":"","overlay-opacity":"","overlay-gradient":""},"tablet":{"background-color":"","background-image":"","background-repeat":"repeat","background-position":"center center","background-size":"auto","background-attachment":"scroll","background-type":"","background-media":"","overlay-type":"","overlay-color":"","overlay-opacity":"","overlay-gradient":""},"mobile":{"background-color":"","background-image":"","background-repeat":"repeat","background-position":"center center","background-size":"auto","background-attachment":"scroll","background-type":"","background-media":"","overlay-type":"","overlay-color":"","overlay-opacity":"","overlay-gradient":""}},"ast-content-background-meta":{"desktop":{"background-color":"var(--ast-global-color-5)","background-image":"","background-repeat":"repeat","background-position":"center center","background-size":"auto","background-attachment":"scroll","background-type":"","background-media":"","overlay-type":"","overlay-color":"","overlay-opacity":"","overlay-gradient":""},"tablet":{"background-color":"var(--ast-global-color-5)","background-image":"","background-repeat":"repeat","background-position":"center center","background-size":"auto","background-attachment":"scroll","background-type":"","background-media":"","overlay-type":"","overlay-color":"","overlay-opacity":"","overlay-gradient":""},"mobile":{"background-color":"var(--ast-global-color-5)","background-image":"","background-repeat":"repeat","background-position":"center center","background-size":"auto","background-attachment":"scroll","background-type":"","background-media":"","overlay-type":"","overlay-color":"","overlay-opacity":"","overlay-gradient":""}}},"product_brand":[],"product_cat":[50],"product_tag":[],"class_list":{"0":"post-5029","1":"product","2":"type-product","3":"status-publish","4":"has-post-thumbnail","6":"product_cat-monocordio","7":"desktop-align-left","8":"tablet-align-left","9":"mobile-align-left","11":"first","12":"instock","13":"featured","14":"shipping-taxable","15":"purchasable","16":"product-type-variable"},"acf":[],"_links":{"self":[{"href":"https:\/\/soundtrance.ushopic.link\/en\/wp-json\/wp\/v2\/product\/5029","targetHints":{"allow":["GET"]}}],"collection":[{"href":"https:\/\/soundtrance.ushopic.link\/en\/wp-json\/wp\/v2\/product"}],"about":[{"href":"https:\/\/soundtrance.ushopic.link\/en\/wp-json\/wp\/v2\/types\/product"}],"replies":[{"embeddable":true,"href":"https:\/\/soundtrance.ushopic.link\/en\/wp-json\/wp\/v2\/comments?post=5029"}],"wp:featuredmedia":[{"embeddable":true,"href":"https:\/\/soundtrance.ushopic.link\/en\/wp-json\/wp\/v2\/media\/5032"}],"wp:attachment":[{"href":"https:\/\/soundtrance.ushopic.link\/en\/wp-json\/wp\/v2\/media?parent=5029"}],"wp:term":[{"taxonomy":"product_brand","embeddable":true,"href":"https:\/\/soundtrance.ushopic.link\/en\/wp-json\/wp\/v2\/product_brand?post=5029"},{"taxonomy":"product_cat","embeddable":true,"href":"https:\/\/soundtrance.ushopic.link\/en\/wp-json\/wp\/v2\/product_cat?post=5029"},{"taxonomy":"product_tag","embeddable":true,"href":"https:\/\/soundtrance.ushopic.link\/en\/wp-json\/wp\/v2\/product_tag?post=5029"}],"curies":[{"name":"wp","href":"https:\/\/api.w.org\/{rel}","templated":true}]}}